{"id":71,"date":"2025-06-30T21:08:48","date_gmt":"2025-06-30T19:08:48","guid":{"rendered":"https:\/\/foerderverein-kirchensanierung-wacken.de\/?page_id=71"},"modified":"2025-10-13T18:44:28","modified_gmt":"2025-10-13T16:44:28","slug":"impressum","status":"publish","type":"page","link":"https:\/\/foerderverein-kirchensanierung-wacken.de\/?page_id=71","title":{"rendered":"Impressum"},"content":{"rendered":"\n<figure class=\"wp-block-image aligncenter size-full\"><a href=\"https:\/\/foerderverein-kirchensanierung-wacken.de\/\"><img loading=\"lazy\" decoding=\"async\" width=\"250\" height=\"250\" src=\"http:\/\/foerderverein-kirchensanierung-wacken.de\/wp-content\/uploads\/2025\/06\/image001.png\" alt=\"\" class=\"wp-image-32\" srcset=\"https:\/\/foerderverein-kirchensanierung-wacken.de\/wp-content\/uploads\/2025\/06\/image001.png 250w, https:\/\/foerderverein-kirchensanierung-wacken.de\/wp-content\/uploads\/2025\/06\/image001-150x150.png 150w\" sizes=\"auto, (max-width: 250px) 100vw, 250px\" \/><\/a><\/figure>\n\n\n\n<h2 class=\"wp-block-heading\"><strong>Impressum<\/strong><\/h2>\n\n\n\n<h3 class=\"wp-block-heading\">Angaben gem\u00e4\u00df \u00a7 5 TMG<\/h3>\n\n\n\n<p><strong>F\u00f6rderverein-Kirchensanierung-Wacken e.V.<br><\/strong>Hoepen 16<br>25596 Wacken<\/p>\n\n\n\n<p>E-Mail:&nbsp;Vorstand@foerderverein-kirchensanierung-wacken.de<br>Website:&nbsp;www.foerderverein-kirchensanierung-wacken.de.de<\/p>\n\n\n\n<hr class=\"wp-block-separator has-alpha-channel-opacity\"\/>\n\n\n\n<h3 class=\"wp-block-heading\">Verantwortlich f\u00fcr den Inhalt (gem. \u00a7 55 Abs. 2 RStV):<\/h3>\n\n\n\n<p><strong>Der Vorstand des Foerderverein-Kirchensanierung-Wacken e.V. <\/strong><br>Vertreten durch:<br>Vorsitz Axel Kunkel<br>E-Mail:&nbsp;Vorstand@foerderverein-kirchensanierung-wacken.de<\/p>\n\n\n\n<p>Nutzungsbedingungen \/ Copyright \/ Datenschutzhinweise \/ Haftungsausschluss<\/p>\n\n\n\n<p><strong>1. Inhalt des Onlineangebotes<\/strong><\/p>\n\n\n\n<p>Die Inhalte (Text- und Bildmaterial) werden Internet-Nutzern ausschlie\u00dflich zum privaten, eigenen Gebrauch zur Verf\u00fcgung gestellt. Jede gewerbliche Nutzung der Inhalte dieses Online-Angebotes bedarf der schriftlichen Genehmigung durch die Redaktion.<br>Der Foerderverein-Kirchensanierung-Wacken e.V. \u00fcbernimmt keinerlei Gew\u00e4hr f\u00fcr die Aktualit\u00e4t, Korrektheit, Vollst\u00e4ndigkeit oder Qualit\u00e4t der bereitgestellten Informationen. Haftungsanspr\u00fcche, welche sich auf Sch\u00e4den materieller oder ideeller Art beziehen, die durch die Nutzung oder Nichtnutzung der dargebotenen Informationen bzw. durch die Nutzung fehlerhafter und unvollst\u00e4ndiger Informationen verursacht wurden, sind grunds\u00e4tzlich ausgeschlossen, sofern seitens des Foerderverein kein nachweislich vors\u00e4tzliches oder grob fahrl\u00e4ssiges Verschulden vorliegt.<br>Alle Angebote sind freibleibend und unverbindlich. Der Foerderverein beh\u00e4lt es sich ausdr\u00fccklich vor, Teile der Seiten oder das gesamte Angebot ohne gesonderte Ank\u00fcndigung zu ver\u00e4ndern, zu erg\u00e4nzen, zu l\u00f6schen oder die Ver\u00f6ffentlichung zeitweise oder endg\u00fcltig einzustellen.<br>Namentlich gekennzeichnete Artikel stehen in der alleinigen Verantwortung der Unterzeichner.<\/p>\n\n\n\n<p><strong>2. Verweise und Links<\/strong><\/p>\n\n\n\n<p>Der Foerderverein erkl\u00e4rt hiermit ausdr\u00fccklich, dass zum Zeitpunkt der Linksetzung keine illegalen Inhalte auf den zu verlinkenden Seiten erkennbar waren. Auf die aktuelle und zuk\u00fcnftige Gestaltung, die Inhalte oder die Urheberschaft der gelinkten\/verkn\u00fcpften Seiten hat der Foerderverein keinerlei Einfluss. Deshalb distanziert er sich hiermit ausdr\u00fccklich von allen Inhalten aller gelinkten \/verkn\u00fcpften Seiten, die nach der Linksetzung ver\u00e4ndert wurden. F\u00fcr illegale, fehlerhafte oder unvollst\u00e4ndige Inhalte und insbesondere f\u00fcr Sch\u00e4den, die aus der Nutzung oder Nichtnutzung solcherart dargebotener Informationen entstehen, haftet allein der Anbieter der Seite, auf welche verwiesen wurde, nicht derjenige, der \u00fcber Links auf die jeweilige Ver\u00f6ffentlichung lediglich verweist.<\/p>\n\n\n\n<p><strong>3. Urheber- und Kennzeichenrecht<\/strong><\/p>\n\n\n\n<p>Der F\u00f6rderverein ist bestrebt, in allen Publikationen die Urheberrechte der verwendeten Elemente zu beachten.<br>Alle innerhalb des Internetangebotes genannten und ggf. durch Dritte gesch\u00fctzten Marken- und Warenzeichen unterliegen uneingeschr\u00e4nkt den Bestimmungen des jeweils g\u00fcltigen Kennzeichenrechts und den Besitzrechten der jeweiligen eingetragenen Eigent\u00fcmer. Allein aufgrund der blo\u00dfen Nennung ist nicht der Schluss zu ziehen, dass Markenzeichen nicht durch Rechte Dritter gesch\u00fctzt sind!<br>Der gesamte Internetauftritt des Foerderverein inklusive der Bilder, Grafiken und Publikationen unterliegen dem Urheberrecht. Das Copyright f\u00fcr alle namentlich gekennzeichneten Inhalte liegt beim Autor\/in. Die Speicherung, Vervielf\u00e4ltigung und Reproduktion von Inhalten \u2013 auch auszugsweise \u2013 dieser Website \u2013 gleich ob in digitaler oder analoger Form \u2013, die \u00fcber das gesetzlich Zul\u00e4ssige (z. B. Zitate) hinausgeht, ist ohne eine schriftliche Genehmigung f\u00fcr jeden Einzelfall untersagt.<\/p>\n\n\n\n<p><strong>4. Datenschutz<\/strong><\/p>\n\n\n\n<p>Die Nutzung der im Rahmen des Impressums oder vergleichbarer Angaben ver\u00f6ffentlichten Kontaktdaten wie Postanschriften, Telefon- und Faxnummern sowie Emailadressen durch Dritte zur \u00dcbersendung von nicht ausdr\u00fccklich angeforderten Informationen ist nicht gestattet. Rechtliche Schritte gegen die Versender von sogenannten Spam-Mails bei Verst\u00f6\u00dfen gegen dieses Verbot sind ausdr\u00fccklich vorbehalten.<\/p>\n\n\n\n<p><strong>5. Email \/ Formulare<\/strong><\/p>\n\n\n\n<p>Aus technischen oder betrieblichen Gr\u00fcnden kann der Empfang von E-mail &#8211; Kommunikation gest\u00f6rt sein und\/oder nicht rechtzeitig den Empf\u00e4nger erreichen. Daher hat die Versendung von E-Mails an uns keine fristwahrende Wirkung und kann keine Fristen rechtsverbindlich setzen. Wir empfehlen, zeitkritische oder eilige Nachrichten zus\u00e4tzlich per Post, Kurier oder Telefax zu \u00fcbersenden. Falls Sie sicher sein wollen, dass Ihre E-mail ordnungsgem\u00e4\u00df empfangen worden ist, fordern Sie bitte von dem Empf\u00e4nger eine schriftliche Empfangsbest\u00e4tigung an.<br>Wir unternehmen alle vern\u00fcnftigerweise zu erwartenden Vorsichtsma\u00dfnahmen, um das Risiko einer \u00dcbertragung von Computerviren zu verhindern. Wir sind jedoch nicht haftbar f\u00fcr Sch\u00e4den, die durch Computerviren entstehen. Bitte f\u00fchren Sie selber \u00dcberpr\u00fcfungen auf Computerviren durch, bevor Sie E-Mails lesen, insbesondere bevor Sie Anh\u00e4nge zu E-Mails \u00f6ffnen.<br>Die Kommunikation per E-Mail ist unsicher, da grunds\u00e4tzlich die M\u00f6glichkeit der Kenntnisnahme und Manipulation durch Dritte besteht. Wir empfehlen, daher keine vertraulichen Daten unverschl\u00fcsselt per E-Mail zu versenden.<\/p>\n\n\n\n<p><strong>6. Rechtswirksamkeit dieses Haftungsausschlusses<\/strong><\/p>\n\n\n\n<p>Dieser Haftungsausschluss ist als Teil des Internetangebotes zu betrachten, von dem aus auf diese Seite verwiesen wurde. Sofern Teile oder einzelne Formulierungen dieses Textes der geltenden Rechtslage nicht, nicht mehr oder nicht vollst\u00e4ndig entsprechen sollten, bleiben die \u00fcbrigen Teile des Dokumentes in ihrem Inhalt und ihrer G\u00fcltigkeit davon unber\u00fchrt.<\/p>\n","protected":false},"excerpt":{"rendered":"<p>Impressum Angaben gem\u00e4\u00df \u00a7 5 TMG F\u00f6rderverein-Kirchensanierung-Wacken e.V.Hoepen 1625596 Wacken E-Mail:&nbsp;Vorstand@foerderverein-kirchensanierung-wacken.deWebsite:&nbsp;www.foerderverein-kirchensanierung-wacken.de.de Verantwortlich f\u00fcr den Inhalt (gem. \u00a7 55 Abs. 2 [&hellip;]<\/p>\n","protected":false},"author":1,"featured_media":0,"parent":0,"menu_order":10,"comment_status":"closed","ping_status":"closed","template":"","meta":{"om_disable_all_campaigns":false,"_monsterinsights_skip_tracking":false,"_monsterinsights_sitenote_active":false,"_monsterinsights_sitenote_note":"","_monsterinsights_sitenote_category":0,"site-sidebar-layout":"default","site-content-layout":"","ast-site-content-layout":"default","site-content-style":"default","site-sidebar-style":"default","ast-global-header-display":"","ast-banner-title-visibility":"","ast-main-header-display":"","ast-hfb-above-header-display":"","ast-hfb-below-header-display":"","ast-hfb-mobile-header-display":"","site-post-title":"disabled","ast-breadcrumbs-content":"","ast-featured-img":"","footer-sml-layout":"","theme-transparent-header-meta":"","adv-header-id-meta":"","stick-header-meta":"","header-above-stick-meta":"","header-main-stick-meta":"","header-below-stick-meta":"","astra-migrate-meta-layouts":"default","ast-page-background-enabled":"default","ast-page-background-meta":{"desktop":{"background-color":"var(--ast-global-color-5)","background-image":"","background-repeat":"repeat","background-position":"center center","background-size":"auto","background-attachment":"scroll","background-type":"","background-media":"","overlay-type":"","overlay-color":"","overlay-opacity":"","overlay-gradient":""},"tablet":{"background-color":"","background-image":"","background-repeat":"repeat","background-position":"center center","background-size":"auto","background-attachment":"scroll","background-type":"","background-media":"","overlay-type":"","overlay-color":"","overlay-opacity":"","overlay-gradient":""},"mobile":{"background-color":"","background-image":"","background-repeat":"repeat","background-position":"center center","background-size":"auto","background-attachment":"scroll","background-type":"","background-media":"","overlay-type":"","overlay-color":"","overlay-opacity":"","overlay-gradient":""}},"ast-content-background-meta":{"desktop":{"background-color":"var(--ast-global-color-4)","background-image":"","background-repeat":"repeat","background-position":"center center","background-size":"auto","background-attachment":"scroll","background-type":"","background-media":"","overlay-type":"","overlay-color":"","overlay-opacity":"","overlay-gradient":""},"tablet":{"background-color":"var(--ast-global-color-4)","background-image":"","background-repeat":"repeat","background-position":"center center","background-size":"auto","background-attachment":"scroll","background-type":"","background-media":"","overlay-type":"","overlay-color":"","overlay-opacity":"","overlay-gradient":""},"mobile":{"background-color":"var(--ast-global-color-4)","background-image":"","background-repeat":"repeat","background-position":"center center","background-size":"auto","background-attachment":"scroll","background-type":"","background-media":"","overlay-type":"","overlay-color":"","overlay-opacity":"","overlay-gradient":""}},"footnotes":""},"class_list":["post-71","page","type-page","status-publish","hentry"],"aioseo_notices":[],"_links":{"self":[{"href":"https:\/\/foerderverein-kirchensanierung-wacken.de\/index.php?rest_route=\/wp\/v2\/pages\/71","targetHints":{"allow":["GET"]}}],"collection":[{"href":"https:\/\/foerderverein-kirchensanierung-wacken.de\/index.php?rest_route=\/wp\/v2\/pages"}],"about":[{"href":"https:\/\/foerderverein-kirchensanierung-wacken.de\/index.php?rest_route=\/wp\/v2\/types\/page"}],"author":[{"embeddable":true,"href":"https:\/\/foerderverein-kirchensanierung-wacken.de\/index.php?rest_route=\/wp\/v2\/users\/1"}],"replies":[{"embeddable":true,"href":"https:\/\/foerderverein-kirchensanierung-wacken.de\/index.php?rest_route=%2Fwp%2Fv2%2Fcomments&post=71"}],"version-history":[{"count":5,"href":"https:\/\/foerderverein-kirchensanierung-wacken.de\/index.php?rest_route=\/wp\/v2\/pages\/71\/revisions"}],"predecessor-version":[{"id":234,"href":"https:\/\/foerderverein-kirchensanierung-wacken.de\/index.php?rest_route=\/wp\/v2\/pages\/71\/revisions\/234"}],"wp:attachment":[{"href":"https:\/\/foerderverein-kirchensanierung-wacken.de\/index.php?rest_route=%2Fwp%2Fv2%2Fmedia&parent=71"}],"curies":[{"name":"wp","href":"https:\/\/api.w.org\/{rel}","templated":true}]}}