{"id":51,"date":"2025-06-30T20:44:37","date_gmt":"2025-06-30T18:44:37","guid":{"rendered":"https:\/\/foerderverein-kirchensanierung-wacken.de\/?page_id=51"},"modified":"2025-07-07T19:06:03","modified_gmt":"2025-07-07T17:06:03","slug":"startseite","status":"publish","type":"page","link":"https:\/\/foerderverein-kirchensanierung-wacken.de\/","title":{"rendered":"Foerderverein Heiligen-Geist-Kirche Wacken e.V."},"content":{"rendered":"\n<figure class=\"wp-block-image aligncenter size-full\"><img loading=\"lazy\" decoding=\"async\" width=\"250\" height=\"250\" src=\"http:\/\/foerderverein-kirchensanierung-wacken.de\/wp-content\/uploads\/2025\/06\/image001.png\" alt=\"\" class=\"wp-image-32\" srcset=\"https:\/\/foerderverein-kirchensanierung-wacken.de\/wp-content\/uploads\/2025\/06\/image001.png 250w, https:\/\/foerderverein-kirchensanierung-wacken.de\/wp-content\/uploads\/2025\/06\/image001-150x150.png 150w\" sizes=\"auto, (max-width: 250px) 100vw, 250px\" \/><\/figure>\n\n\n\n<p class=\"has-text-align-left has-ast-global-color-6-color has-text-color has-link-color has-medium-font-size wp-elements-d59166237205d1cfcb7d27dafa343ef0\"><strong>Worum geht es?<\/strong><\/p>\n\n\n\n<p class=\"has-medium-font-size\">Unsere Kirche in Wacken muss zur dauerhaften Erhaltung umfangreich saniert werden. Neben den Mitteln der eigenen Kirchengemeinde, des Kirchenkreises, verschiedener Stiftungen wollen wir als <strong>F\u00f6rderverein Heiligen-Geist-Kirche Wacken e.V.<\/strong> dazu beitragen, dass die Kirchensanierung erm\u00f6glicht wird.<\/p>\n\n\n\n<p class=\"has-medium-font-size\">Es geht darum Spenden zu generieren, die in Form von Mitgliedsbeitr\u00e4gen, Spenden, Sponsoring \u00fcber soziale Medien und Veranstaltungen zusammengetragen werden. Ein weiterer sehr wichtiger Aspekt ist die Au\u00dfenwirkung, die durch diesen Verein dargestellt wird:<\/p>\n\n\n\n<p class=\"has-medium-font-size\"><strong>Unsere Kirche ist uns nicht egal<\/strong><\/p>\n\n\n\n<p class=\"has-medium-font-size\">Wir demonstrieren damit, dass wir f\u00fcr die Kirche bereit sind, etwas zu geben. Dieses Zeichen ist insbesondere f\u00fcr verschiedene Stiftungen (Geldgeber) wichtig.<\/p>\n\n\n\n<p class=\"has-medium-font-size\">Der Jahresbeitrag betr\u00e4gt 24,- \u20ac.; es kann selbstverst\u00e4ndlich gerne mehr gespendet werden.<\/p>\n\n\n\n<p><\/p>\n","protected":false},"excerpt":{"rendered":"<p>Worum geht es? Unsere Kirche in Wacken muss zur dauerhaften Erhaltung umfangreich saniert werden. Neben den Mitteln der eigenen Kirchengemeinde, [&hellip;]<\/p>\n","protected":false},"author":1,"featured_media":0,"parent":0,"menu_order":0,"comment_status":"closed","ping_status":"closed","template":"","meta":{"om_disable_all_campaigns":false,"_monsterinsights_skip_tracking":false,"_monsterinsights_sitenote_active":false,"_monsterinsights_sitenote_note":"","_monsterinsights_sitenote_category":0,"site-sidebar-layout":"default","site-content-layout":"","ast-site-content-layout":"default","site-content-style":"default","site-sidebar-style":"default","ast-global-header-display":"","ast-banner-title-visibility":"","ast-main-header-display":"","ast-hfb-above-header-display":"","ast-hfb-below-header-display":"","ast-hfb-mobile-header-display":"","site-post-title":"disabled","ast-breadcrumbs-content":"","ast-featured-img":"","footer-sml-layout":"","theme-transparent-header-meta":"","adv-header-id-meta":"","stick-header-meta":"","header-above-stick-meta":"","header-main-stick-meta":"","header-below-stick-meta":"","astra-migrate-meta-layouts":"default","ast-page-background-enabled":"default","ast-page-background-meta":{"desktop":{"background-color":"var(--ast-global-color-5)","background-image":"","background-repeat":"repeat","background-position":"center center","background-size":"auto","background-attachment":"scroll","background-type":"","background-media":"","overlay-type":"","overlay-color":"","overlay-opacity":"","overlay-gradient":""},"tablet":{"background-color":"","background-image":"","background-repeat":"repeat","background-position":"center center","background-size":"auto","background-attachment":"scroll","background-type":"","background-media":"","overlay-type":"","overlay-color":"","overlay-opacity":"","overlay-gradient":""},"mobile":{"background-color":"","background-image":"","background-repeat":"repeat","background-position":"center center","background-size":"auto","background-attachment":"scroll","background-type":"","background-media":"","overlay-type":"","overlay-color":"","overlay-opacity":"","overlay-gradient":""}},"ast-content-background-meta":{"desktop":{"background-color":"var(--ast-global-color-4)","background-image":"","background-repeat":"repeat","background-position":"center center","background-size":"auto","background-attachment":"scroll","background-type":"","background-media":"","overlay-type":"","overlay-color":"","overlay-opacity":"","overlay-gradient":""},"tablet":{"background-color":"var(--ast-global-color-4)","background-image":"","background-repeat":"repeat","background-position":"center center","background-size":"auto","background-attachment":"scroll","background-type":"","background-media":"","overlay-type":"","overlay-color":"","overlay-opacity":"","overlay-gradient":""},"mobile":{"background-color":"var(--ast-global-color-4)","background-image":"","background-repeat":"repeat","background-position":"center center","background-size":"auto","background-attachment":"scroll","background-type":"","background-media":"","overlay-type":"","overlay-color":"","overlay-opacity":"","overlay-gradient":""}},"footnotes":""},"class_list":["post-51","page","type-page","status-publish","hentry"],"aioseo_notices":[],"_links":{"self":[{"href":"https:\/\/foerderverein-kirchensanierung-wacken.de\/index.php?rest_route=\/wp\/v2\/pages\/51","targetHints":{"allow":["GET"]}}],"collection":[{"href":"https:\/\/foerderverein-kirchensanierung-wacken.de\/index.php?rest_route=\/wp\/v2\/pages"}],"about":[{"href":"https:\/\/foerderverein-kirchensanierung-wacken.de\/index.php?rest_route=\/wp\/v2\/types\/page"}],"author":[{"embeddable":true,"href":"https:\/\/foerderverein-kirchensanierung-wacken.de\/index.php?rest_route=\/wp\/v2\/users\/1"}],"replies":[{"embeddable":true,"href":"https:\/\/foerderverein-kirchensanierung-wacken.de\/index.php?rest_route=%2Fwp%2Fv2%2Fcomments&post=51"}],"version-history":[{"count":11,"href":"https:\/\/foerderverein-kirchensanierung-wacken.de\/index.php?rest_route=\/wp\/v2\/pages\/51\/revisions"}],"predecessor-version":[{"id":220,"href":"https:\/\/foerderverein-kirchensanierung-wacken.de\/index.php?rest_route=\/wp\/v2\/pages\/51\/revisions\/220"}],"wp:attachment":[{"href":"https:\/\/foerderverein-kirchensanierung-wacken.de\/index.php?rest_route=%2Fwp%2Fv2%2Fmedia&parent=51"}],"curies":[{"name":"wp","href":"https:\/\/api.w.org\/{rel}","templated":true}]}}