{"id":167,"date":"2025-10-12T14:10:51","date_gmt":"2025-10-12T12:10:51","guid":{"rendered":"https:\/\/foerderverein-kirchensanierung-wacken.de\/?page_id=167"},"modified":"2025-10-15T12:04:15","modified_gmt":"2025-10-15T10:04:15","slug":"spenden","status":"publish","type":"page","link":"https:\/\/foerderverein-kirchensanierung-wacken.de\/?page_id=167","title":{"rendered":"Spenden"},"content":{"rendered":"\n<figure class=\"wp-block-image aligncenter size-full\"><a href=\"https:\/\/foerderverein-kirchensanierung-wacken.de\/\"><img loading=\"lazy\" decoding=\"async\" width=\"250\" height=\"250\" src=\"http:\/\/foerderverein-kirchensanierung-wacken.de\/wp-content\/uploads\/2025\/06\/image001.png\" alt=\"\" class=\"wp-image-32\" srcset=\"https:\/\/foerderverein-kirchensanierung-wacken.de\/wp-content\/uploads\/2025\/06\/image001.png 250w, https:\/\/foerderverein-kirchensanierung-wacken.de\/wp-content\/uploads\/2025\/06\/image001-150x150.png 150w\" sizes=\"auto, (max-width: 250px) 100vw, 250px\" \/><\/a><\/figure>\n\n\n\n<p class=\"has-text-align-center\">Wenn Sie Spenden m\u00f6chten k\u00f6nnen Sie entweder die folgenden QR-Codes mit Ihrer Banking App einscannen oder die unten stehende Bankverbindung verwenden. <br>Sofern Sie eine Spendenbescheinigung w\u00fcnschen geben Sie im Verwendungszweck bitte Ihre vollst\u00e4ndige Adresse an.<\/p>\n\n\n\n<p class=\"has-text-align-center\"><\/p>\n\n\n\n<p class=\"has-text-align-center\"><\/p>\n\n\n\n<div class=\"wp-block-media-text is-stacked-on-mobile is-vertically-aligned-center\" style=\"grid-template-columns:20% auto\"><figure class=\"wp-block-media-text__media\"><img loading=\"lazy\" decoding=\"async\" width=\"227\" height=\"242\" src=\"https:\/\/foerderverein-kirchensanierung-wacken.de\/wp-content\/uploads\/2025\/10\/image-6.png\" alt=\"\" class=\"wp-image-253 size-full\"\/><\/figure><div class=\"wp-block-media-text__content\">\n<p><\/p>\n\n\n\n<p class=\"has-ast-global-color-6-color has-text-color has-link-color wp-elements-a35a987a019eb63787c4c198a02cc836\"><strong>F\u00fcr eine Spende in H\u00f6he von 5,00 \u20ac nutzen Sie bitte den nebenstehenden QR-Code<\/strong><\/p>\n\n\n\n<p><\/p>\n<\/div><\/div>\n\n\n\n<h2 class=\"wp-block-heading has-text-align-center\">______________________________<\/h2>\n\n\n\n<p><\/p>\n\n\n\n<p><\/p>\n\n\n\n<div class=\"wp-block-media-text is-stacked-on-mobile is-vertically-aligned-center\" style=\"grid-template-columns:20% auto\"><figure class=\"wp-block-media-text__media\"><img loading=\"lazy\" decoding=\"async\" width=\"228\" height=\"241\" src=\"https:\/\/foerderverein-kirchensanierung-wacken.de\/wp-content\/uploads\/2025\/10\/image-5.png\" alt=\"\" class=\"wp-image-251 size-full\"\/><\/figure><div class=\"wp-block-media-text__content\">\n<p><strong>F\u00fcr eine Spende in H\u00f6he von 10,00 \u20ac nutzen Sie bitte den nebenstehenden QR-Code<\/strong><\/p>\n<\/div><\/div>\n\n\n\n<h2 class=\"wp-block-heading has-text-align-center\">______________________________<\/h2>\n\n\n\n<p><\/p>\n\n\n\n<p><\/p>\n\n\n\n<div class=\"wp-block-media-text is-stacked-on-mobile is-vertically-aligned-center\" style=\"grid-template-columns:20% auto\"><figure class=\"wp-block-media-text__media\"><img loading=\"lazy\" decoding=\"async\" width=\"230\" height=\"239\" src=\"https:\/\/foerderverein-kirchensanierung-wacken.de\/wp-content\/uploads\/2025\/10\/image-7.png\" alt=\"\" class=\"wp-image-255 size-full\"\/><\/figure><div class=\"wp-block-media-text__content\">\n<p><br><strong>F\u00fcr eine Spende in beliebiger H\u00f6he nutzen Sie bitte den nebenstehenden QR-Code und erg\u00e4nzen den gew\u00fcnschten Betrag<\/strong><\/p>\n<\/div><\/div>\n\n\n\n<h2 class=\"wp-block-heading has-text-align-center\">______________________________<\/h2>\n\n\n\n<p><\/p>\n\n\n\n<p><\/p>\n\n\n\n<p class=\"has-text-align-left\">Bankverbindung:<\/p>\n\n\n\n<p>F\u00f6rderverein Heiligen-Geist-Kirche Wacken e. V. <br>IBAN DE44 2105 1275 0155 2653 09<br>Bordesholmer Sparkasse<\/p>\n\n\n\n<p><\/p>\n","protected":false},"excerpt":{"rendered":"<p>Wenn Sie Spenden m\u00f6chten k\u00f6nnen Sie entweder die folgenden QR-Codes mit Ihrer Banking App einscannen oder die unten stehende Bankverbindung [&hellip;]<\/p>\n","protected":false},"author":1,"featured_media":0,"parent":119,"menu_order":7,"comment_status":"closed","ping_status":"closed","template":"","meta":{"om_disable_all_campaigns":false,"_monsterinsights_skip_tracking":false,"_monsterinsights_sitenote_active":false,"_monsterinsights_sitenote_note":"","_monsterinsights_sitenote_category":0,"site-sidebar-layout":"default","site-content-layout":"","ast-site-content-layout":"default","site-content-style":"default","site-sidebar-style":"default","ast-global-header-display":"","ast-banner-title-visibility":"","ast-main-header-display":"","ast-hfb-above-header-display":"","ast-hfb-below-header-display":"","ast-hfb-mobile-header-display":"","site-post-title":"disabled","ast-breadcrumbs-content":"","ast-featured-img":"","footer-sml-layout":"","theme-transparent-header-meta":"","adv-header-id-meta":"","stick-header-meta":"","header-above-stick-meta":"","header-main-stick-meta":"","header-below-stick-meta":"","astra-migrate-meta-layouts":"default","ast-page-background-enabled":"default","ast-page-background-meta":{"desktop":{"background-color":"var(--ast-global-color-5)","background-image":"","background-repeat":"repeat","background-position":"center center","background-size":"auto","background-attachment":"scroll","background-type":"","background-media":"","overlay-type":"","overlay-color":"","overlay-opacity":"","overlay-gradient":""},"tablet":{"background-color":"","background-image":"","background-repeat":"repeat","background-position":"center center","background-size":"auto","background-attachment":"scroll","background-type":"","background-media":"","overlay-type":"","overlay-color":"","overlay-opacity":"","overlay-gradient":""},"mobile":{"background-color":"","background-image":"","background-repeat":"repeat","background-position":"center center","background-size":"auto","background-attachment":"scroll","background-type":"","background-media":"","overlay-type":"","overlay-color":"","overlay-opacity":"","overlay-gradient":""}},"ast-content-background-meta":{"desktop":{"background-color":"var(--ast-global-color-4)","background-image":"","background-repeat":"repeat","background-position":"center center","background-size":"auto","background-attachment":"scroll","background-type":"","background-media":"","overlay-type":"","overlay-color":"","overlay-opacity":"","overlay-gradient":""},"tablet":{"background-color":"var(--ast-global-color-4)","background-image":"","background-repeat":"repeat","background-position":"center center","background-size":"auto","background-attachment":"scroll","background-type":"","background-media":"","overlay-type":"","overlay-color":"","overlay-opacity":"","overlay-gradient":""},"mobile":{"background-color":"var(--ast-global-color-4)","background-image":"","background-repeat":"repeat","background-position":"center center","background-size":"auto","background-attachment":"scroll","background-type":"","background-media":"","overlay-type":"","overlay-color":"","overlay-opacity":"","overlay-gradient":""}},"footnotes":""},"class_list":["post-167","page","type-page","status-publish","hentry"],"aioseo_notices":[],"_links":{"self":[{"href":"https:\/\/foerderverein-kirchensanierung-wacken.de\/index.php?rest_route=\/wp\/v2\/pages\/167","targetHints":{"allow":["GET"]}}],"collection":[{"href":"https:\/\/foerderverein-kirchensanierung-wacken.de\/index.php?rest_route=\/wp\/v2\/pages"}],"about":[{"href":"https:\/\/foerderverein-kirchensanierung-wacken.de\/index.php?rest_route=\/wp\/v2\/types\/page"}],"author":[{"embeddable":true,"href":"https:\/\/foerderverein-kirchensanierung-wacken.de\/index.php?rest_route=\/wp\/v2\/users\/1"}],"replies":[{"embeddable":true,"href":"https:\/\/foerderverein-kirchensanierung-wacken.de\/index.php?rest_route=%2Fwp%2Fv2%2Fcomments&post=167"}],"version-history":[{"count":9,"href":"https:\/\/foerderverein-kirchensanierung-wacken.de\/index.php?rest_route=\/wp\/v2\/pages\/167\/revisions"}],"predecessor-version":[{"id":271,"href":"https:\/\/foerderverein-kirchensanierung-wacken.de\/index.php?rest_route=\/wp\/v2\/pages\/167\/revisions\/271"}],"up":[{"embeddable":true,"href":"https:\/\/foerderverein-kirchensanierung-wacken.de\/index.php?rest_route=\/wp\/v2\/pages\/119"}],"wp:attachment":[{"href":"https:\/\/foerderverein-kirchensanierung-wacken.de\/index.php?rest_route=%2Fwp%2Fv2%2Fmedia&parent=167"}],"curies":[{"name":"wp","href":"https:\/\/api.w.org\/{rel}","templated":true}]}}