{"id":122,"date":"2025-10-12T13:26:05","date_gmt":"2025-10-12T11:26:05","guid":{"rendered":"https:\/\/foerderverein-kirchensanierung-wacken.de\/?page_id=122"},"modified":"2025-10-13T18:45:15","modified_gmt":"2025-10-13T16:45:15","slug":"mitglied-werden","status":"publish","type":"page","link":"https:\/\/foerderverein-kirchensanierung-wacken.de\/?page_id=122","title":{"rendered":"Mitglied werden"},"content":{"rendered":"\n<figure class=\"wp-block-image aligncenter size-full\"><a href=\"https:\/\/foerderverein-kirchensanierung-wacken.de\/\"><img loading=\"lazy\" decoding=\"async\" width=\"250\" height=\"250\" src=\"http:\/\/foerderverein-kirchensanierung-wacken.de\/wp-content\/uploads\/2025\/06\/image001.png\" alt=\"\" class=\"wp-image-32\" srcset=\"https:\/\/foerderverein-kirchensanierung-wacken.de\/wp-content\/uploads\/2025\/06\/image001.png 250w, https:\/\/foerderverein-kirchensanierung-wacken.de\/wp-content\/uploads\/2025\/06\/image001-150x150.png 150w\" sizes=\"auto, (max-width: 250px) 100vw, 250px\" \/><\/a><\/figure>\n\n\n\n<p class=\"has-text-align-center\">Wenn Sie Mitglied im Foerderverein Heiligen-Geist-Kirche Wacken e. V. werden m\u00f6chten haben Sie mehrere M\u00f6glichkeiten.<\/p>\n\n\n\n<p class=\"has-text-align-center\">Sie k\u00f6nnen den Mitgliedsantrag herunterladen, ausf\u00fcllen und uns unterschrieben zur\u00fccksenden oder Sie registrieren sich <a href=\"https:\/\/foerderverein-kirchensanierung-wacken.de\/?page_id=191\" title=\"\">hier<\/a> direkt online f\u00fcr eine Mitgliedschaft.<\/p>\n\n\n\n<div data-wp-interactive=\"core\/file\" class=\"wp-block-file\"><object data-wp-bind--hidden=\"!state.hasPdfPreview\" hidden class=\"wp-block-file__embed\" data=\"https:\/\/foerderverein-kirchensanierung-wacken.de\/wp-content\/uploads\/2025\/10\/Mitgliedsantrag-Foerderverein.pdf\" type=\"application\/pdf\" style=\"width:100%;height:600px\" aria-label=\"Einbettung von Mitgliedsantrag Foerderverein.\"><\/object><a id=\"wp-block-file--media-8ff4591b-f2ad-433b-abe7-20b8d0217113\" href=\"https:\/\/foerderverein-kirchensanierung-wacken.de\/wp-content\/uploads\/2025\/10\/Mitgliedsantrag-Foerderverein.pdf\">Mitgliedsantrag Foerderverein<\/a><a href=\"https:\/\/foerderverein-kirchensanierung-wacken.de\/wp-content\/uploads\/2025\/10\/Mitgliedsantrag-Foerderverein.pdf\" class=\"wp-block-file__button wp-element-button\" download aria-describedby=\"wp-block-file--media-8ff4591b-f2ad-433b-abe7-20b8d0217113\">Herunterladen<\/a><\/div>\n","protected":false},"excerpt":{"rendered":"<p>Wenn Sie Mitglied im Foerderverein Heiligen-Geist-Kirche Wacken e. V. werden m\u00f6chten haben Sie mehrere M\u00f6glichkeiten. Sie k\u00f6nnen den Mitgliedsantrag herunterladen, [&hellip;]<\/p>\n","protected":false},"author":1,"featured_media":0,"parent":119,"menu_order":6,"comment_status":"closed","ping_status":"closed","template":"","meta":{"om_disable_all_campaigns":false,"_monsterinsights_skip_tracking":false,"_monsterinsights_sitenote_active":false,"_monsterinsights_sitenote_note":"","_monsterinsights_sitenote_category":0,"site-sidebar-layout":"default","site-content-layout":"","ast-site-content-layout":"default","site-content-style":"default","site-sidebar-style":"default","ast-global-header-display":"","ast-banner-title-visibility":"","ast-main-header-display":"","ast-hfb-above-header-display":"","ast-hfb-below-header-display":"","ast-hfb-mobile-header-display":"","site-post-title":"disabled","ast-breadcrumbs-content":"","ast-featured-img":"","footer-sml-layout":"","theme-transparent-header-meta":"","adv-header-id-meta":"","stick-header-meta":"","header-above-stick-meta":"","header-main-stick-meta":"","header-below-stick-meta":"","astra-migrate-meta-layouts":"default","ast-page-background-enabled":"default","ast-page-background-meta":{"desktop":{"background-color":"var(--ast-global-color-5)","background-image":"","background-repeat":"repeat","background-position":"center center","background-size":"auto","background-attachment":"scroll","background-type":"","background-media":"","overlay-type":"","overlay-color":"","overlay-opacity":"","overlay-gradient":""},"tablet":{"background-color":"","background-image":"","background-repeat":"repeat","background-position":"center center","background-size":"auto","background-attachment":"scroll","background-type":"","background-media":"","overlay-type":"","overlay-color":"","overlay-opacity":"","overlay-gradient":""},"mobile":{"background-color":"","background-image":"","background-repeat":"repeat","background-position":"center center","background-size":"auto","background-attachment":"scroll","background-type":"","background-media":"","overlay-type":"","overlay-color":"","overlay-opacity":"","overlay-gradient":""}},"ast-content-background-meta":{"desktop":{"background-color":"var(--ast-global-color-4)","background-image":"","background-repeat":"repeat","background-position":"center center","background-size":"auto","background-attachment":"scroll","background-type":"","background-media":"","overlay-type":"","overlay-color":"","overlay-opacity":"","overlay-gradient":""},"tablet":{"background-color":"var(--ast-global-color-4)","background-image":"","background-repeat":"repeat","background-position":"center center","background-size":"auto","background-attachment":"scroll","background-type":"","background-media":"","overlay-type":"","overlay-color":"","overlay-opacity":"","overlay-gradient":""},"mobile":{"background-color":"var(--ast-global-color-4)","background-image":"","background-repeat":"repeat","background-position":"center center","background-size":"auto","background-attachment":"scroll","background-type":"","background-media":"","overlay-type":"","overlay-color":"","overlay-opacity":"","overlay-gradient":""}},"footnotes":""},"class_list":["post-122","page","type-page","status-publish","hentry"],"aioseo_notices":[],"_links":{"self":[{"href":"https:\/\/foerderverein-kirchensanierung-wacken.de\/index.php?rest_route=\/wp\/v2\/pages\/122","targetHints":{"allow":["GET"]}}],"collection":[{"href":"https:\/\/foerderverein-kirchensanierung-wacken.de\/index.php?rest_route=\/wp\/v2\/pages"}],"about":[{"href":"https:\/\/foerderverein-kirchensanierung-wacken.de\/index.php?rest_route=\/wp\/v2\/types\/page"}],"author":[{"embeddable":true,"href":"https:\/\/foerderverein-kirchensanierung-wacken.de\/index.php?rest_route=\/wp\/v2\/users\/1"}],"replies":[{"embeddable":true,"href":"https:\/\/foerderverein-kirchensanierung-wacken.de\/index.php?rest_route=%2Fwp%2Fv2%2Fcomments&post=122"}],"version-history":[{"count":10,"href":"https:\/\/foerderverein-kirchensanierung-wacken.de\/index.php?rest_route=\/wp\/v2\/pages\/122\/revisions"}],"predecessor-version":[{"id":236,"href":"https:\/\/foerderverein-kirchensanierung-wacken.de\/index.php?rest_route=\/wp\/v2\/pages\/122\/revisions\/236"}],"up":[{"embeddable":true,"href":"https:\/\/foerderverein-kirchensanierung-wacken.de\/index.php?rest_route=\/wp\/v2\/pages\/119"}],"wp:attachment":[{"href":"https:\/\/foerderverein-kirchensanierung-wacken.de\/index.php?rest_route=%2Fwp%2Fv2%2Fmedia&parent=122"}],"curies":[{"name":"wp","href":"https:\/\/api.w.org\/{rel}","templated":true}]}}